{"id":11,"date":"2019-12-13T14:07:30","date_gmt":"2019-12-13T13:07:30","guid":{"rendered":"http:\/\/petit-train-59.fr\/?page_id=11"},"modified":"2020-01-02T14:46:33","modified_gmt":"2020-01-02T13:46:33","slug":"structures-gonflables","status":"publish","type":"page","link":"https:\/\/petit-train-59.fr\/index.php\/structures-gonflables\/","title":{"rendered":"Structures gonflables"},"content":{"rendered":"\n<figure class=\"wp-block-image is-resized\"><img loading=\"lazy\" decoding=\"async\" src=\"http:\/\/petit-train-59.fr\/wp-content\/uploads\/2019\/12\/structures-gonflables-2500x1200-1024x492.jpg\" alt=\"Location de structures gonflables\" class=\"wp-image-12\" width=\"1024\" height=\"492\" srcset=\"https:\/\/petit-train-59.fr\/wp-content\/uploads\/2019\/12\/structures-gonflables-2500x1200-1024x492.jpg 1024w, https:\/\/petit-train-59.fr\/wp-content\/uploads\/2019\/12\/structures-gonflables-2500x1200-300x144.jpg 300w, https:\/\/petit-train-59.fr\/wp-content\/uploads\/2019\/12\/structures-gonflables-2500x1200-768x369.jpg 768w\" sizes=\"(max-width: 1024px) 100vw, 1024px\" \/><figcaption>Structures gonflables<\/figcaption><\/figure>\n\n\n\n<p>Sauter, tomber, se d\u00e9fouler, voici le lot quotidien des enfants. De 0 \u00e0 12 ans, nos <strong>structures gonflables<\/strong> raviront tout le monde. <strong>Anniversaires, communions, f\u00eates d\u2019\u00e9cole,&nbsp;mariage<\/strong>, et en toute occasion, nous sommes \u00e0 votre disposition pour toute prestation et location.<\/p>\n\n\n\n<ul class=\"wp-block-gallery columns-3 is-cropped wp-block-gallery-1 is-layout-flex wp-block-gallery-is-layout-flex\"><li class=\"blocks-gallery-item\"><figure><img loading=\"lazy\" decoding=\"async\" width=\"1024\" height=\"768\" src=\"http:\/\/petit-train-59.fr\/wp-content\/uploads\/2019\/12\/DSC00639-1024x768.jpg\" alt=\"\" data-id=\"30\" data-link=\"http:\/\/petit-train-59.fr\/dsc00639\/\" class=\"wp-image-30\" srcset=\"https:\/\/petit-train-59.fr\/wp-content\/uploads\/2019\/12\/DSC00639-1024x768.jpg 1024w, https:\/\/petit-train-59.fr\/wp-content\/uploads\/2019\/12\/DSC00639-300x225.jpg 300w, https:\/\/petit-train-59.fr\/wp-content\/uploads\/2019\/12\/DSC00639-768x576.jpg 768w, https:\/\/petit-train-59.fr\/wp-content\/uploads\/2019\/12\/DSC00639.jpg 2048w\" sizes=\"(max-width: 1024px) 100vw, 1024px\" \/><figcaption>Structure gonflable multiplay<\/figcaption><\/figure><\/li><li class=\"blocks-gallery-item\"><figure><img loading=\"lazy\" decoding=\"async\" width=\"1024\" height=\"768\" src=\"http:\/\/petit-train-59.fr\/wp-content\/uploads\/2019\/12\/base-du-parc-37-1024x768.jpg\" alt=\"structure gonflable clown\" data-id=\"29\" data-link=\"http:\/\/petit-train-59.fr\/base-du-parc-37\/\" class=\"wp-image-29\" srcset=\"https:\/\/petit-train-59.fr\/wp-content\/uploads\/2019\/12\/base-du-parc-37-1024x768.jpg 1024w, https:\/\/petit-train-59.fr\/wp-content\/uploads\/2019\/12\/base-du-parc-37-300x225.jpg 300w, https:\/\/petit-train-59.fr\/wp-content\/uploads\/2019\/12\/base-du-parc-37-768x576.jpg 768w, https:\/\/petit-train-59.fr\/wp-content\/uploads\/2019\/12\/base-du-parc-37.jpg 2032w\" sizes=\"(max-width: 1024px) 100vw, 1024px\" \/><figcaption>Pour vos anniversaires, mariages, f\u00eates d&rsquo;\u00e9cole, f\u00eates de village<\/figcaption><\/figure><\/li><li class=\"blocks-gallery-item\"><figure><img loading=\"lazy\" decoding=\"async\" width=\"1024\" height=\"768\" src=\"http:\/\/petit-train-59.fr\/wp-content\/uploads\/2019\/12\/20130519_092734-1024x768.jpg\" alt=\"clown et voiture structure gonflable\" data-id=\"28\" data-link=\"http:\/\/petit-train-59.fr\/20130519_092734\/\" class=\"wp-image-28\" srcset=\"https:\/\/petit-train-59.fr\/wp-content\/uploads\/2019\/12\/20130519_092734-1024x768.jpg 1024w, https:\/\/petit-train-59.fr\/wp-content\/uploads\/2019\/12\/20130519_092734-300x225.jpg 300w, https:\/\/petit-train-59.fr\/wp-content\/uploads\/2019\/12\/20130519_092734-768x576.jpg 768w\" sizes=\"(max-width: 1024px) 100vw, 1024px\" \/><figcaption>clown et voiture structure gonflable<\/figcaption><\/figure><\/li><li class=\"blocks-gallery-item\"><figure><img loading=\"lazy\" decoding=\"async\" width=\"1024\" height=\"492\" src=\"http:\/\/petit-train-59.fr\/wp-content\/uploads\/2019\/12\/structures-gonflables-2500x1200-1024x492.jpg\" alt=\"Structures gonflables\" data-id=\"12\" data-link=\"http:\/\/petit-train-59.fr\/index.php\/structures-gonflables\/structures-gonflables-2500x1200\/#main\" class=\"wp-image-12\" srcset=\"https:\/\/petit-train-59.fr\/wp-content\/uploads\/2019\/12\/structures-gonflables-2500x1200-1024x492.jpg 1024w, https:\/\/petit-train-59.fr\/wp-content\/uploads\/2019\/12\/structures-gonflables-2500x1200-300x144.jpg 300w, https:\/\/petit-train-59.fr\/wp-content\/uploads\/2019\/12\/structures-gonflables-2500x1200-768x369.jpg 768w\" sizes=\"(max-width: 1024px) 100vw, 1024px\" \/><figcaption>Multiplay et chateau gonflable coccinelle<\/figcaption><\/figure><\/li><li class=\"blocks-gallery-item\"><figure><img loading=\"lazy\" decoding=\"async\" width=\"1024\" height=\"768\" src=\"http:\/\/petit-train-59.fr\/wp-content\/uploads\/2019\/12\/20170722_122739_030-1024x768.jpg\" alt=\"\" data-id=\"57\" data-link=\"http:\/\/petit-train-59.fr\/index.php\/structures-gonflables\/20170722_122739_030\/#main\" class=\"wp-image-57\" srcset=\"https:\/\/petit-train-59.fr\/wp-content\/uploads\/2019\/12\/20170722_122739_030-1024x768.jpg 1024w, https:\/\/petit-train-59.fr\/wp-content\/uploads\/2019\/12\/20170722_122739_030-300x225.jpg 300w, https:\/\/petit-train-59.fr\/wp-content\/uploads\/2019\/12\/20170722_122739_030-768x576.jpg 768w\" sizes=\"(max-width: 1024px) 100vw, 1024px\" \/><figcaption>Pour vos mariages<\/figcaption><\/figure><\/li><li class=\"blocks-gallery-item\"><figure><img loading=\"lazy\" decoding=\"async\" width=\"1024\" height=\"768\" src=\"http:\/\/petit-train-59.fr\/wp-content\/uploads\/2019\/12\/20130519_210733-1024x768.jpg\" alt=\"\" data-id=\"58\" data-link=\"http:\/\/petit-train-59.fr\/index.php\/structures-gonflables\/20130519_210733\/#main\" class=\"wp-image-58\" srcset=\"https:\/\/petit-train-59.fr\/wp-content\/uploads\/2019\/12\/20130519_210733-1024x768.jpg 1024w, https:\/\/petit-train-59.fr\/wp-content\/uploads\/2019\/12\/20130519_210733-300x225.jpg 300w, https:\/\/petit-train-59.fr\/wp-content\/uploads\/2019\/12\/20130519_210733-768x576.jpg 768w\" sizes=\"(max-width: 1024px) 100vw, 1024px\" \/><figcaption>Se d\u00e9fouler en toute s\u00e9curit\u00e9 !<\/figcaption><\/figure><\/li><\/ul>\n\n\n\n<p>Vous recherchez un moyen de locomotion original pour les petits comme les grands ? <a href=\"http:\/\/petit-train-59.fr\/index.php\/petits-trains-touristiques\/\">Retrouvez nos trains sur pneumatiques ici !<\/a><\/p>\n","protected":false},"excerpt":{"rendered":"<p>Sauter, tomber, se d\u00e9fouler, voici le lot quotidien des enfants. De 0 \u00e0 12 ans, <a class=\"more-link\" href=\"https:\/\/petit-train-59.fr\/index.php\/structures-gonflables\/\">Lire plus &#8230;<\/a><\/p>\n","protected":false},"author":1,"featured_media":12,"parent":0,"menu_order":0,"comment_status":"closed","ping_status":"closed","template":"","meta":{"footnotes":""},"yoast_head":"<!-- This site is optimized with the Yoast SEO plugin v22.9 - https:\/\/yoast.com\/wordpress\/plugins\/seo\/ -->\n<title>Structures gonflables - Location petit train 59<\/title>\n<meta name=\"robots\" content=\"index, follow, max-snippet:-1, max-image-preview:large, max-video-preview:-1\" \/>\n<link rel=\"canonical\" href=\"https:\/\/petit-train-59.fr\/index.php\/structures-gonflables\/\" \/>\n<meta property=\"og:locale\" content=\"fr_FR\" \/>\n<meta property=\"og:type\" content=\"article\" \/>\n<meta property=\"og:title\" content=\"Structures gonflables - Location petit train 59\" \/>\n<meta property=\"og:description\" content=\"Sauter, tomber, se d\u00e9fouler, voici le lot quotidien des enfants. De 0 \u00e0 12 ans, Lire plus ...\" \/>\n<meta property=\"og:url\" content=\"https:\/\/petit-train-59.fr\/index.php\/structures-gonflables\/\" \/>\n<meta property=\"og:site_name\" content=\"Location petit train 59\" \/>\n<meta property=\"article:publisher\" content=\"https:\/\/www.facebook.com\/petittrain59\" \/>\n<meta property=\"article:modified_time\" content=\"2020-01-02T13:46:33+00:00\" \/>\n<meta property=\"og:image\" content=\"https:\/\/petit-train-59.fr\/wp-content\/uploads\/2019\/12\/structures-gonflables-2500x1200.jpg\" \/>\n\t<meta property=\"og:image:width\" content=\"2500\" \/>\n\t<meta property=\"og:image:height\" content=\"1200\" \/>\n\t<meta property=\"og:image:type\" content=\"image\/jpeg\" \/>\n<meta name=\"twitter:card\" content=\"summary_large_image\" \/>\n<script type=\"application\/ld+json\" class=\"yoast-schema-graph\">{\"@context\":\"https:\/\/schema.org\",\"@graph\":[{\"@type\":\"WebPage\",\"@id\":\"https:\/\/petit-train-59.fr\/index.php\/structures-gonflables\/\",\"url\":\"https:\/\/petit-train-59.fr\/index.php\/structures-gonflables\/\",\"name\":\"Structures gonflables - Location petit train 59\",\"isPartOf\":{\"@id\":\"https:\/\/petit-train-59.fr\/#website\"},\"primaryImageOfPage\":{\"@id\":\"https:\/\/petit-train-59.fr\/index.php\/structures-gonflables\/#primaryimage\"},\"image\":{\"@id\":\"https:\/\/petit-train-59.fr\/index.php\/structures-gonflables\/#primaryimage\"},\"thumbnailUrl\":\"https:\/\/petit-train-59.fr\/wp-content\/uploads\/2019\/12\/structures-gonflables-2500x1200.jpg\",\"datePublished\":\"2019-12-13T13:07:30+00:00\",\"dateModified\":\"2020-01-02T13:46:33+00:00\",\"breadcrumb\":{\"@id\":\"https:\/\/petit-train-59.fr\/index.php\/structures-gonflables\/#breadcrumb\"},\"inLanguage\":\"fr-FR\",\"potentialAction\":[{\"@type\":\"ReadAction\",\"target\":[\"https:\/\/petit-train-59.fr\/index.php\/structures-gonflables\/\"]}]},{\"@type\":\"ImageObject\",\"inLanguage\":\"fr-FR\",\"@id\":\"https:\/\/petit-train-59.fr\/index.php\/structures-gonflables\/#primaryimage\",\"url\":\"https:\/\/petit-train-59.fr\/wp-content\/uploads\/2019\/12\/structures-gonflables-2500x1200.jpg\",\"contentUrl\":\"https:\/\/petit-train-59.fr\/wp-content\/uploads\/2019\/12\/structures-gonflables-2500x1200.jpg\",\"width\":2500,\"height\":1200,\"caption\":\"Multiplay et chateau gonflable coccinelle\"},{\"@type\":\"BreadcrumbList\",\"@id\":\"https:\/\/petit-train-59.fr\/index.php\/structures-gonflables\/#breadcrumb\",\"itemListElement\":[{\"@type\":\"ListItem\",\"position\":1,\"name\":\"Accueil\",\"item\":\"https:\/\/petit-train-59.fr\/\"},{\"@type\":\"ListItem\",\"position\":2,\"name\":\"Structures gonflables\"}]},{\"@type\":\"WebSite\",\"@id\":\"https:\/\/petit-train-59.fr\/#website\",\"url\":\"https:\/\/petit-train-59.fr\/\",\"name\":\"Location petit train 59\",\"description\":\"Pour vos animations et \u00e9v\u00e9nements : petits trains touristiques routiers, structures gonflables, man\u00e8ge enfantin\",\"publisher\":{\"@id\":\"https:\/\/petit-train-59.fr\/#organization\"},\"potentialAction\":[{\"@type\":\"SearchAction\",\"target\":{\"@type\":\"EntryPoint\",\"urlTemplate\":\"https:\/\/petit-train-59.fr\/?s={search_term_string}\"},\"query-input\":\"required name=search_term_string\"}],\"inLanguage\":\"fr-FR\"},{\"@type\":\"Organization\",\"@id\":\"https:\/\/petit-train-59.fr\/#organization\",\"name\":\"Petit train 59\",\"url\":\"https:\/\/petit-train-59.fr\/\",\"logo\":{\"@type\":\"ImageObject\",\"inLanguage\":\"fr-FR\",\"@id\":\"https:\/\/petit-train-59.fr\/#\/schema\/logo\/image\/\",\"url\":\"http:\/\/petit-train-59.fr\/wp-content\/uploads\/2021\/04\/train-Petit-train-59.png\",\"contentUrl\":\"http:\/\/petit-train-59.fr\/wp-content\/uploads\/2021\/04\/train-Petit-train-59.png\",\"width\":714,\"height\":264,\"caption\":\"Petit train 59\"},\"image\":{\"@id\":\"https:\/\/petit-train-59.fr\/#\/schema\/logo\/image\/\"},\"sameAs\":[\"https:\/\/www.facebook.com\/petittrain59\"]}]}<\/script>\n<!-- \/ Yoast SEO plugin. -->","yoast_head_json":{"title":"Structures gonflables - Location petit train 59","robots":{"index":"index","follow":"follow","max-snippet":"max-snippet:-1","max-image-preview":"max-image-preview:large","max-video-preview":"max-video-preview:-1"},"canonical":"https:\/\/petit-train-59.fr\/index.php\/structures-gonflables\/","og_locale":"fr_FR","og_type":"article","og_title":"Structures gonflables - Location petit train 59","og_description":"Sauter, tomber, se d\u00e9fouler, voici le lot quotidien des enfants. De 0 \u00e0 12 ans, Lire plus ...","og_url":"https:\/\/petit-train-59.fr\/index.php\/structures-gonflables\/","og_site_name":"Location petit train 59","article_publisher":"https:\/\/www.facebook.com\/petittrain59","article_modified_time":"2020-01-02T13:46:33+00:00","og_image":[{"width":2500,"height":1200,"url":"https:\/\/petit-train-59.fr\/wp-content\/uploads\/2019\/12\/structures-gonflables-2500x1200.jpg","type":"image\/jpeg"}],"twitter_card":"summary_large_image","schema":{"@context":"https:\/\/schema.org","@graph":[{"@type":"WebPage","@id":"https:\/\/petit-train-59.fr\/index.php\/structures-gonflables\/","url":"https:\/\/petit-train-59.fr\/index.php\/structures-gonflables\/","name":"Structures gonflables - Location petit train 59","isPartOf":{"@id":"https:\/\/petit-train-59.fr\/#website"},"primaryImageOfPage":{"@id":"https:\/\/petit-train-59.fr\/index.php\/structures-gonflables\/#primaryimage"},"image":{"@id":"https:\/\/petit-train-59.fr\/index.php\/structures-gonflables\/#primaryimage"},"thumbnailUrl":"https:\/\/petit-train-59.fr\/wp-content\/uploads\/2019\/12\/structures-gonflables-2500x1200.jpg","datePublished":"2019-12-13T13:07:30+00:00","dateModified":"2020-01-02T13:46:33+00:00","breadcrumb":{"@id":"https:\/\/petit-train-59.fr\/index.php\/structures-gonflables\/#breadcrumb"},"inLanguage":"fr-FR","potentialAction":[{"@type":"ReadAction","target":["https:\/\/petit-train-59.fr\/index.php\/structures-gonflables\/"]}]},{"@type":"ImageObject","inLanguage":"fr-FR","@id":"https:\/\/petit-train-59.fr\/index.php\/structures-gonflables\/#primaryimage","url":"https:\/\/petit-train-59.fr\/wp-content\/uploads\/2019\/12\/structures-gonflables-2500x1200.jpg","contentUrl":"https:\/\/petit-train-59.fr\/wp-content\/uploads\/2019\/12\/structures-gonflables-2500x1200.jpg","width":2500,"height":1200,"caption":"Multiplay et chateau gonflable coccinelle"},{"@type":"BreadcrumbList","@id":"https:\/\/petit-train-59.fr\/index.php\/structures-gonflables\/#breadcrumb","itemListElement":[{"@type":"ListItem","position":1,"name":"Accueil","item":"https:\/\/petit-train-59.fr\/"},{"@type":"ListItem","position":2,"name":"Structures gonflables"}]},{"@type":"WebSite","@id":"https:\/\/petit-train-59.fr\/#website","url":"https:\/\/petit-train-59.fr\/","name":"Location petit train 59","description":"Pour vos animations et \u00e9v\u00e9nements : petits trains touristiques routiers, structures gonflables, man\u00e8ge enfantin","publisher":{"@id":"https:\/\/petit-train-59.fr\/#organization"},"potentialAction":[{"@type":"SearchAction","target":{"@type":"EntryPoint","urlTemplate":"https:\/\/petit-train-59.fr\/?s={search_term_string}"},"query-input":"required name=search_term_string"}],"inLanguage":"fr-FR"},{"@type":"Organization","@id":"https:\/\/petit-train-59.fr\/#organization","name":"Petit train 59","url":"https:\/\/petit-train-59.fr\/","logo":{"@type":"ImageObject","inLanguage":"fr-FR","@id":"https:\/\/petit-train-59.fr\/#\/schema\/logo\/image\/","url":"http:\/\/petit-train-59.fr\/wp-content\/uploads\/2021\/04\/train-Petit-train-59.png","contentUrl":"http:\/\/petit-train-59.fr\/wp-content\/uploads\/2021\/04\/train-Petit-train-59.png","width":714,"height":264,"caption":"Petit train 59"},"image":{"@id":"https:\/\/petit-train-59.fr\/#\/schema\/logo\/image\/"},"sameAs":["https:\/\/www.facebook.com\/petittrain59"]}]}},"_links":{"self":[{"href":"https:\/\/petit-train-59.fr\/index.php\/wp-json\/wp\/v2\/pages\/11"}],"collection":[{"href":"https:\/\/petit-train-59.fr\/index.php\/wp-json\/wp\/v2\/pages"}],"about":[{"href":"https:\/\/petit-train-59.fr\/index.php\/wp-json\/wp\/v2\/types\/page"}],"author":[{"embeddable":true,"href":"https:\/\/petit-train-59.fr\/index.php\/wp-json\/wp\/v2\/users\/1"}],"replies":[{"embeddable":true,"href":"https:\/\/petit-train-59.fr\/index.php\/wp-json\/wp\/v2\/comments?post=11"}],"version-history":[{"count":3,"href":"https:\/\/petit-train-59.fr\/index.php\/wp-json\/wp\/v2\/pages\/11\/revisions"}],"predecessor-version":[{"id":86,"href":"https:\/\/petit-train-59.fr\/index.php\/wp-json\/wp\/v2\/pages\/11\/revisions\/86"}],"wp:featuredmedia":[{"embeddable":true,"href":"https:\/\/petit-train-59.fr\/index.php\/wp-json\/wp\/v2\/media\/12"}],"wp:attachment":[{"href":"https:\/\/petit-train-59.fr\/index.php\/wp-json\/wp\/v2\/media?parent=11"}],"curies":[{"name":"wp","href":"https:\/\/api.w.org\/{rel}","templated":true}]}}