{"id":17,"date":"2019-12-13T14:09:48","date_gmt":"2019-12-13T13:09:48","guid":{"rendered":"http:\/\/petit-train-59.fr\/?page_id=17"},"modified":"2023-11-14T22:04:31","modified_gmt":"2023-11-14T21:04:31","slug":"nous-contacter","status":"publish","type":"page","link":"https:\/\/petit-train-59.fr\/index.php\/nous-contacter\/","title":{"rendered":"Nous contacter"},"content":{"rendered":"\n<p>Pour toute demande de location de petit train touristique, n&rsquo;h\u00e9sitez pas \u00e0 nous joindre !<\/p>\n\n\n\n<p>Vous pouvez nous contacter :<\/p>\n\n\n\n<ul><li>Par t\u00e9l\u00e9phone au 06.81.13.93.08 (Sylvie), 06.98.00.69.10 (Amandine)<\/li><li>Par mail : petittrain59@free.fr<\/li><li>Ou via le formulaire de contact :<\/li><\/ul>\n\n\n<div class=\"wpforms-container wpforms-container-full\" id=\"wpforms-70\"><form id=\"wpforms-form-70\" class=\"wpforms-validate wpforms-form\" data-formid=\"70\" method=\"post\" enctype=\"multipart\/form-data\" action=\"\/index.php\/wp-json\/wp\/v2\/pages\/17\" data-token=\"7d05d086050435b399c3e2871599da3d\" data-token-time=\"1776786759\"><noscript class=\"wpforms-error-noscript\">Veuillez activer JavaScript dans votre navigateur pour remplir ce formulaire.<\/noscript><div class=\"wpforms-field-container\"><div id=\"wpforms-70-field_0-container\" class=\"wpforms-field wpforms-field-name\" data-field-id=\"0\"><label class=\"wpforms-field-label\" for=\"wpforms-70-field_0\">Nom <span class=\"wpforms-required-label\">*<\/span><\/label><div class=\"wpforms-field-row wpforms-field-medium\"><div class=\"wpforms-field-row-block wpforms-first wpforms-one-half\"><input type=\"text\" id=\"wpforms-70-field_0\" class=\"wpforms-field-name-first wpforms-field-required\" name=\"wpforms[fields][0][first]\" required><label for=\"wpforms-70-field_0\" class=\"wpforms-field-sublabel after\">Pr\u00e9nom<\/label><\/div><div class=\"wpforms-field-row-block wpforms-one-half\"><input type=\"text\" id=\"wpforms-70-field_0-last\" class=\"wpforms-field-name-last wpforms-field-required\" name=\"wpforms[fields][0][last]\" required><label for=\"wpforms-70-field_0-last\" class=\"wpforms-field-sublabel after\">Nom<\/label><\/div><\/div><\/div><div id=\"wpforms-70-field_3-container\" class=\"wpforms-field wpforms-field-text\" data-field-id=\"3\"><label class=\"wpforms-field-label\" for=\"wpforms-70-field_3\">T\u00e9l\u00e9phone<\/label><input type=\"text\" id=\"wpforms-70-field_3\" class=\"wpforms-field-medium\" name=\"wpforms[fields][3]\" ><\/div><div id=\"wpforms-70-field_1-container\" class=\"wpforms-field wpforms-field-email\" data-field-id=\"1\"><label class=\"wpforms-field-label\" for=\"wpforms-70-field_1\">E-mail <span class=\"wpforms-required-label\">*<\/span><\/label><input type=\"email\" id=\"wpforms-70-field_1\" class=\"wpforms-field-medium wpforms-field-required\" name=\"wpforms[fields][1]\" spellcheck=\"false\" required><\/div><div id=\"wpforms-70-field_4-container\" class=\"wpforms-field wpforms-field-text\" data-field-id=\"4\"><label class=\"wpforms-field-label\" for=\"wpforms-70-field_4\">Ville<\/label><input type=\"text\" id=\"wpforms-70-field_4\" class=\"wpforms-field-medium\" name=\"wpforms[fields][4]\" ><\/div><div id=\"wpforms-70-field_2-container\" class=\"wpforms-field wpforms-field-textarea\" data-field-id=\"2\"><label class=\"wpforms-field-label\" for=\"wpforms-70-field_2\">Commentaire ou message <span class=\"wpforms-required-label\">*<\/span><\/label><textarea id=\"wpforms-70-field_2\" class=\"wpforms-field-medium wpforms-field-required\" name=\"wpforms[fields][2]\" required><\/textarea><\/div><\/div><!-- .wpforms-field-container --><div class=\"wpforms-field wpforms-field-hp\"><label for=\"wpforms-70-field-hp\" class=\"wpforms-field-label\">Message<\/label><input type=\"text\" name=\"wpforms[hp]\" id=\"wpforms-70-field-hp\" class=\"wpforms-field-medium\"><\/div><div class=\"wpforms-submit-container\" ><input type=\"hidden\" name=\"wpforms[id]\" value=\"70\"><input type=\"hidden\" name=\"page_title\" value=\"\"><input type=\"hidden\" name=\"page_url\" value=\"https:\/\/petit-train-59.fr\/index.php\/wp-json\/wp\/v2\/pages\/17\"><button type=\"submit\" name=\"wpforms[submit]\" id=\"wpforms-submit-70\" class=\"wpforms-submit\" data-alt-text=\"Envoi...\" data-submit-text=\"Envoyer\" aria-live=\"assertive\" value=\"wpforms-submit\">Envoyer<\/button><\/div><\/form><\/div>  <!-- .wpforms-container -->\n\n\n\n<p>Nous nous tenons \u00e0 votre disposition pour \u00e9tudier vos demandes et la faisabilit\u00e9 de vos projets.<\/p>\n\n\n\n<p>Pour retrouver les caract\u00e9ristiques de nos petits trains touristiques, <a href=\"http:\/\/petit-train-59.fr\/index.php\/petits-trains-touristiques\/\">par ici <\/a>!<\/p>\n\n\n\n<div id=\"journ\u00e9e-du-patrimoine\" class=\"wp-block-image\"><figure class=\"aligncenter size-large\"><img loading=\"lazy\" decoding=\"async\" width=\"1024\" height=\"768\" src=\"http:\/\/petit-train-59.fr\/wp-content\/uploads\/2021\/10\/Journee-du-patrimoine-2021-1024x768.jpg\" alt=\"location petit train journ\u00e9e du patrimoine\" class=\"wp-image-124\" title=\"journ\u00e9e du patrimoine\" srcset=\"https:\/\/petit-train-59.fr\/wp-content\/uploads\/2021\/10\/Journee-du-patrimoine-2021-1024x768.jpg 1024w, https:\/\/petit-train-59.fr\/wp-content\/uploads\/2021\/10\/Journee-du-patrimoine-2021-300x225.jpg 300w, https:\/\/petit-train-59.fr\/wp-content\/uploads\/2021\/10\/Journee-du-patrimoine-2021-768x576.jpg 768w, https:\/\/petit-train-59.fr\/wp-content\/uploads\/2021\/10\/Journee-du-patrimoine-2021.jpg 1440w\" sizes=\"(max-width: 1024px) 100vw, 1024px\" \/><\/figure><\/div>\n","protected":false},"excerpt":{"rendered":"<p>Pour toute demande de location de petit train touristique, n&rsquo;h\u00e9sitez pas \u00e0 nous joindre ! <a class=\"more-link\" href=\"https:\/\/petit-train-59.fr\/index.php\/nous-contacter\/\">Lire plus &#8230;<\/a><\/p>\n","protected":false},"author":1,"featured_media":0,"parent":0,"menu_order":0,"comment_status":"closed","ping_status":"closed","template":"","meta":{"footnotes":""},"yoast_head":"<!-- This site is optimized with the Yoast SEO plugin v22.9 - https:\/\/yoast.com\/wordpress\/plugins\/seo\/ -->\n<title>Location petit train touristique<\/title>\n<meta name=\"description\" content=\"Pour toute demande de location de petit train touristique, contactez-nous ! Nous nous tenons \u00e0 votre disposition pour toute \u00e9tude.\" \/>\n<meta name=\"robots\" content=\"index, follow, max-snippet:-1, max-image-preview:large, max-video-preview:-1\" \/>\n<link rel=\"canonical\" href=\"http:\/\/petit-train-59.fr\/index.php\/nous-contacter\/\" \/>\n<meta property=\"og:locale\" content=\"fr_FR\" \/>\n<meta property=\"og:type\" content=\"article\" \/>\n<meta property=\"og:title\" content=\"Location petit train touristique\" \/>\n<meta property=\"og:description\" content=\"Pour toute demande de location de petit train touristique, contactez-nous ! Nous nous tenons \u00e0 votre disposition pour toute \u00e9tude.\" \/>\n<meta property=\"og:url\" content=\"http:\/\/petit-train-59.fr\/index.php\/nous-contacter\/\" \/>\n<meta property=\"og:site_name\" content=\"Location petit train 59\" \/>\n<meta property=\"article:publisher\" content=\"https:\/\/www.facebook.com\/petittrain59\" \/>\n<meta property=\"article:modified_time\" content=\"2023-11-14T21:04:31+00:00\" \/>\n<meta property=\"og:image\" content=\"http:\/\/petit-train-59.fr\/wp-content\/uploads\/2021\/10\/Journee-du-patrimoine-2021-1024x768.jpg\" \/>\n<meta name=\"twitter:card\" content=\"summary_large_image\" \/>\n<meta name=\"twitter:label1\" content=\"Dur\u00e9e de lecture estim\u00e9e\" \/>\n\t<meta name=\"twitter:data1\" content=\"1 minute\" \/>\n<script type=\"application\/ld+json\" class=\"yoast-schema-graph\">{\"@context\":\"https:\/\/schema.org\",\"@graph\":[{\"@type\":\"WebPage\",\"@id\":\"http:\/\/petit-train-59.fr\/index.php\/nous-contacter\/\",\"url\":\"http:\/\/petit-train-59.fr\/index.php\/nous-contacter\/\",\"name\":\"Location petit train touristique\",\"isPartOf\":{\"@id\":\"https:\/\/petit-train-59.fr\/#website\"},\"primaryImageOfPage\":{\"@id\":\"http:\/\/petit-train-59.fr\/index.php\/nous-contacter\/#primaryimage\"},\"image\":{\"@id\":\"http:\/\/petit-train-59.fr\/index.php\/nous-contacter\/#primaryimage\"},\"thumbnailUrl\":\"http:\/\/petit-train-59.fr\/wp-content\/uploads\/2021\/10\/Journee-du-patrimoine-2021-1024x768.jpg\",\"datePublished\":\"2019-12-13T13:09:48+00:00\",\"dateModified\":\"2023-11-14T21:04:31+00:00\",\"description\":\"Pour toute demande de location de petit train touristique, contactez-nous ! Nous nous tenons \u00e0 votre disposition pour toute \u00e9tude.\",\"breadcrumb\":{\"@id\":\"http:\/\/petit-train-59.fr\/index.php\/nous-contacter\/#breadcrumb\"},\"inLanguage\":\"fr-FR\",\"potentialAction\":[{\"@type\":\"ReadAction\",\"target\":[\"http:\/\/petit-train-59.fr\/index.php\/nous-contacter\/\"]}]},{\"@type\":\"ImageObject\",\"inLanguage\":\"fr-FR\",\"@id\":\"http:\/\/petit-train-59.fr\/index.php\/nous-contacter\/#primaryimage\",\"url\":\"https:\/\/petit-train-59.fr\/wp-content\/uploads\/2021\/10\/Journee-du-patrimoine-2021.jpg\",\"contentUrl\":\"https:\/\/petit-train-59.fr\/wp-content\/uploads\/2021\/10\/Journee-du-patrimoine-2021.jpg\",\"width\":1440,\"height\":1080},{\"@type\":\"BreadcrumbList\",\"@id\":\"http:\/\/petit-train-59.fr\/index.php\/nous-contacter\/#breadcrumb\",\"itemListElement\":[{\"@type\":\"ListItem\",\"position\":1,\"name\":\"Accueil\",\"item\":\"https:\/\/petit-train-59.fr\/\"},{\"@type\":\"ListItem\",\"position\":2,\"name\":\"Nous contacter\"}]},{\"@type\":\"WebSite\",\"@id\":\"https:\/\/petit-train-59.fr\/#website\",\"url\":\"https:\/\/petit-train-59.fr\/\",\"name\":\"Location petit train 59\",\"description\":\"Pour vos animations et \u00e9v\u00e9nements : petits trains touristiques routiers, structures gonflables, man\u00e8ge enfantin\",\"publisher\":{\"@id\":\"https:\/\/petit-train-59.fr\/#organization\"},\"potentialAction\":[{\"@type\":\"SearchAction\",\"target\":{\"@type\":\"EntryPoint\",\"urlTemplate\":\"https:\/\/petit-train-59.fr\/?s={search_term_string}\"},\"query-input\":\"required name=search_term_string\"}],\"inLanguage\":\"fr-FR\"},{\"@type\":\"Organization\",\"@id\":\"https:\/\/petit-train-59.fr\/#organization\",\"name\":\"Petit train 59\",\"url\":\"https:\/\/petit-train-59.fr\/\",\"logo\":{\"@type\":\"ImageObject\",\"inLanguage\":\"fr-FR\",\"@id\":\"https:\/\/petit-train-59.fr\/#\/schema\/logo\/image\/\",\"url\":\"http:\/\/petit-train-59.fr\/wp-content\/uploads\/2021\/04\/train-Petit-train-59.png\",\"contentUrl\":\"http:\/\/petit-train-59.fr\/wp-content\/uploads\/2021\/04\/train-Petit-train-59.png\",\"width\":714,\"height\":264,\"caption\":\"Petit train 59\"},\"image\":{\"@id\":\"https:\/\/petit-train-59.fr\/#\/schema\/logo\/image\/\"},\"sameAs\":[\"https:\/\/www.facebook.com\/petittrain59\"]}]}<\/script>\n<!-- \/ Yoast SEO plugin. -->","yoast_head_json":{"title":"Location petit train touristique","description":"Pour toute demande de location de petit train touristique, contactez-nous ! Nous nous tenons \u00e0 votre disposition pour toute \u00e9tude.","robots":{"index":"index","follow":"follow","max-snippet":"max-snippet:-1","max-image-preview":"max-image-preview:large","max-video-preview":"max-video-preview:-1"},"canonical":"http:\/\/petit-train-59.fr\/index.php\/nous-contacter\/","og_locale":"fr_FR","og_type":"article","og_title":"Location petit train touristique","og_description":"Pour toute demande de location de petit train touristique, contactez-nous ! Nous nous tenons \u00e0 votre disposition pour toute \u00e9tude.","og_url":"http:\/\/petit-train-59.fr\/index.php\/nous-contacter\/","og_site_name":"Location petit train 59","article_publisher":"https:\/\/www.facebook.com\/petittrain59","article_modified_time":"2023-11-14T21:04:31+00:00","og_image":[{"url":"http:\/\/petit-train-59.fr\/wp-content\/uploads\/2021\/10\/Journee-du-patrimoine-2021-1024x768.jpg"}],"twitter_card":"summary_large_image","twitter_misc":{"Dur\u00e9e de lecture estim\u00e9e":"1 minute"},"schema":{"@context":"https:\/\/schema.org","@graph":[{"@type":"WebPage","@id":"http:\/\/petit-train-59.fr\/index.php\/nous-contacter\/","url":"http:\/\/petit-train-59.fr\/index.php\/nous-contacter\/","name":"Location petit train touristique","isPartOf":{"@id":"https:\/\/petit-train-59.fr\/#website"},"primaryImageOfPage":{"@id":"http:\/\/petit-train-59.fr\/index.php\/nous-contacter\/#primaryimage"},"image":{"@id":"http:\/\/petit-train-59.fr\/index.php\/nous-contacter\/#primaryimage"},"thumbnailUrl":"http:\/\/petit-train-59.fr\/wp-content\/uploads\/2021\/10\/Journee-du-patrimoine-2021-1024x768.jpg","datePublished":"2019-12-13T13:09:48+00:00","dateModified":"2023-11-14T21:04:31+00:00","description":"Pour toute demande de location de petit train touristique, contactez-nous ! Nous nous tenons \u00e0 votre disposition pour toute \u00e9tude.","breadcrumb":{"@id":"http:\/\/petit-train-59.fr\/index.php\/nous-contacter\/#breadcrumb"},"inLanguage":"fr-FR","potentialAction":[{"@type":"ReadAction","target":["http:\/\/petit-train-59.fr\/index.php\/nous-contacter\/"]}]},{"@type":"ImageObject","inLanguage":"fr-FR","@id":"http:\/\/petit-train-59.fr\/index.php\/nous-contacter\/#primaryimage","url":"https:\/\/petit-train-59.fr\/wp-content\/uploads\/2021\/10\/Journee-du-patrimoine-2021.jpg","contentUrl":"https:\/\/petit-train-59.fr\/wp-content\/uploads\/2021\/10\/Journee-du-patrimoine-2021.jpg","width":1440,"height":1080},{"@type":"BreadcrumbList","@id":"http:\/\/petit-train-59.fr\/index.php\/nous-contacter\/#breadcrumb","itemListElement":[{"@type":"ListItem","position":1,"name":"Accueil","item":"https:\/\/petit-train-59.fr\/"},{"@type":"ListItem","position":2,"name":"Nous contacter"}]},{"@type":"WebSite","@id":"https:\/\/petit-train-59.fr\/#website","url":"https:\/\/petit-train-59.fr\/","name":"Location petit train 59","description":"Pour vos animations et \u00e9v\u00e9nements : petits trains touristiques routiers, structures gonflables, man\u00e8ge enfantin","publisher":{"@id":"https:\/\/petit-train-59.fr\/#organization"},"potentialAction":[{"@type":"SearchAction","target":{"@type":"EntryPoint","urlTemplate":"https:\/\/petit-train-59.fr\/?s={search_term_string}"},"query-input":"required name=search_term_string"}],"inLanguage":"fr-FR"},{"@type":"Organization","@id":"https:\/\/petit-train-59.fr\/#organization","name":"Petit train 59","url":"https:\/\/petit-train-59.fr\/","logo":{"@type":"ImageObject","inLanguage":"fr-FR","@id":"https:\/\/petit-train-59.fr\/#\/schema\/logo\/image\/","url":"http:\/\/petit-train-59.fr\/wp-content\/uploads\/2021\/04\/train-Petit-train-59.png","contentUrl":"http:\/\/petit-train-59.fr\/wp-content\/uploads\/2021\/04\/train-Petit-train-59.png","width":714,"height":264,"caption":"Petit train 59"},"image":{"@id":"https:\/\/petit-train-59.fr\/#\/schema\/logo\/image\/"},"sameAs":["https:\/\/www.facebook.com\/petittrain59"]}]}},"_links":{"self":[{"href":"https:\/\/petit-train-59.fr\/index.php\/wp-json\/wp\/v2\/pages\/17"}],"collection":[{"href":"https:\/\/petit-train-59.fr\/index.php\/wp-json\/wp\/v2\/pages"}],"about":[{"href":"https:\/\/petit-train-59.fr\/index.php\/wp-json\/wp\/v2\/types\/page"}],"author":[{"embeddable":true,"href":"https:\/\/petit-train-59.fr\/index.php\/wp-json\/wp\/v2\/users\/1"}],"replies":[{"embeddable":true,"href":"https:\/\/petit-train-59.fr\/index.php\/wp-json\/wp\/v2\/comments?post=17"}],"version-history":[{"count":5,"href":"https:\/\/petit-train-59.fr\/index.php\/wp-json\/wp\/v2\/pages\/17\/revisions"}],"predecessor-version":[{"id":131,"href":"https:\/\/petit-train-59.fr\/index.php\/wp-json\/wp\/v2\/pages\/17\/revisions\/131"}],"wp:attachment":[{"href":"https:\/\/petit-train-59.fr\/index.php\/wp-json\/wp\/v2\/media?parent=17"}],"curies":[{"name":"wp","href":"https:\/\/api.w.org\/{rel}","templated":true}]}}