{"id":37,"date":"2019-12-13T14:31:14","date_gmt":"2019-12-13T13:31:14","guid":{"rendered":"http:\/\/petit-train-59.fr\/?page_id=37"},"modified":"2023-11-14T22:04:02","modified_gmt":"2023-11-14T21:04:02","slug":"bienvenue","status":"publish","type":"page","link":"https:\/\/petit-train-59.fr\/","title":{"rendered":"Bienvenue"},"content":{"rendered":"\n<p>Vous recherchez une <strong>animation originale<\/strong> pour vos \u00e9v\u00e9nements ? Vous \u00eates au bon endroit.<\/p>\n\n\n\n<p>Nos <a href=\"http:\/\/petit-train-59.fr\/index.php\/petits-trains-touristiques\/\"><strong>petits trains touristiques sonoris\u00e9s<\/strong><\/a> raviront les enfants comme les parents et les grands parents. Le tout, pour vos <strong>festivit\u00e9s priv\u00e9es comme professionnelles<\/strong>.<\/p>\n\n\n\n<p>Nous mettons tout en \u0153uvre pour satisfaire vos besoins.<\/p>\n\n\n\n<p><a href=\"http:\/\/petit-train-59.fr\/index.php\/petits-trains-touristiques\/\">Contactez-nous pour toute \u00e9tude !<\/a><\/p>\n\n\n\n<figure class=\"wp-block-embed is-type-rich is-provider-facebook wp-block-embed-facebook\"><div class=\"wp-block-embed__wrapper\">\nhttps:\/\/www.facebook.com\/petittrain59\/photos\/rpp.1429489063993001\/2481979915410572\/?type=3&#038;theater\n<\/div><\/figure>\n\n\n\n<p>Nous nous d\u00e9pla\u00e7ons essentiellement dans les Hauts de France mais pas seulement !<\/p>\n\n\n\n<p>Vous pouvez nous contacter :<\/p>\n\n\n\n<ul><li>Par t\u00e9l\u00e9phone au 06.81.13.93.08 (Sylvie), 06.98.00.69.10 (Amandine)<\/li><li>Par mail : petittrain59@free.fr<\/li><li><a href=\"http:\/\/petit-train-59.fr\/index.php\/nous-contacter\/\">Ou via le formulaire de contact<\/a><\/li><\/ul>\n\n\n\n<p><\/p>\n\n\n\n<div id=\"visite-comment\u00e9e\" class=\"wp-block-image\"><figure class=\"aligncenter size-large\"><img loading=\"lazy\" decoding=\"async\" width=\"1024\" height=\"768\" src=\"http:\/\/petit-train-59.fr\/wp-content\/uploads\/2021\/10\/IMG_9290-1024x768.jpg\" alt=\"Visite comment\u00e9e petit train touristique\" class=\"wp-image-118\" title=\"Visite comment\u00e9e petit train touristique\" srcset=\"https:\/\/petit-train-59.fr\/wp-content\/uploads\/2021\/10\/IMG_9290-1024x768.jpg 1024w, https:\/\/petit-train-59.fr\/wp-content\/uploads\/2021\/10\/IMG_9290-300x225.jpg 300w, https:\/\/petit-train-59.fr\/wp-content\/uploads\/2021\/10\/IMG_9290-768x576.jpg 768w, https:\/\/petit-train-59.fr\/wp-content\/uploads\/2021\/10\/IMG_9290-1536x1152.jpg 1536w, https:\/\/petit-train-59.fr\/wp-content\/uploads\/2021\/10\/IMG_9290-2048x1536.jpg 2048w\" sizes=\"(max-width: 1024px) 100vw, 1024px\" \/><\/figure><\/div>\n","protected":false},"excerpt":{"rendered":"<p>Vous recherchez une animation originale pour vos \u00e9v\u00e9nements ? Vous \u00eates au bon endroit. Nos <a class=\"more-link\" href=\"https:\/\/petit-train-59.fr\/\">Lire plus &#8230;<\/a><\/p>\n","protected":false},"author":1,"featured_media":0,"parent":0,"menu_order":0,"comment_status":"closed","ping_status":"closed","template":"","meta":{"footnotes":""},"yoast_head":"<!-- This site is optimized with the Yoast SEO plugin v22.9 - https:\/\/yoast.com\/wordpress\/plugins\/seo\/ -->\n<title>Bienvenue !<\/title>\n<meta name=\"description\" content=\"Vous recherchez une animation originale pour vos \u00e9v\u00e8nements ? N&#039;h\u00e9sitez plus \u00e0 faire appel \u00e0 nos petits trains touristiques !\" \/>\n<meta name=\"robots\" content=\"index, follow, max-snippet:-1, max-image-preview:large, max-video-preview:-1\" \/>\n<link rel=\"canonical\" href=\"https:\/\/petit-train-59.fr\/\" \/>\n<meta property=\"og:locale\" content=\"fr_FR\" \/>\n<meta property=\"og:type\" content=\"article\" \/>\n<meta property=\"og:title\" content=\"Bienvenue !\" \/>\n<meta property=\"og:description\" content=\"Vous recherchez une animation originale pour vos \u00e9v\u00e8nements ? N&#039;h\u00e9sitez plus \u00e0 faire appel \u00e0 nos petits trains touristiques !\" \/>\n<meta property=\"og:url\" content=\"https:\/\/petit-train-59.fr\/\" \/>\n<meta property=\"og:site_name\" content=\"Location petit train 59\" \/>\n<meta property=\"article:publisher\" content=\"https:\/\/www.facebook.com\/petittrain59\" \/>\n<meta property=\"article:modified_time\" content=\"2023-11-14T21:04:02+00:00\" \/>\n<meta property=\"og:image\" content=\"http:\/\/petit-train-59.fr\/wp-content\/uploads\/2021\/10\/IMG_9290-1024x768.jpg\" \/>\n<meta name=\"twitter:card\" content=\"summary_large_image\" \/>\n<meta name=\"twitter:label1\" content=\"Dur\u00e9e de lecture estim\u00e9e\" \/>\n\t<meta name=\"twitter:data1\" content=\"1 minute\" \/>\n<script type=\"application\/ld+json\" class=\"yoast-schema-graph\">{\"@context\":\"https:\/\/schema.org\",\"@graph\":[{\"@type\":\"WebPage\",\"@id\":\"https:\/\/petit-train-59.fr\/\",\"url\":\"https:\/\/petit-train-59.fr\/\",\"name\":\"Bienvenue !\",\"isPartOf\":{\"@id\":\"https:\/\/petit-train-59.fr\/#website\"},\"primaryImageOfPage\":{\"@id\":\"https:\/\/petit-train-59.fr\/#primaryimage\"},\"image\":{\"@id\":\"https:\/\/petit-train-59.fr\/#primaryimage\"},\"thumbnailUrl\":\"http:\/\/petit-train-59.fr\/wp-content\/uploads\/2021\/10\/IMG_9290-1024x768.jpg\",\"datePublished\":\"2019-12-13T13:31:14+00:00\",\"dateModified\":\"2023-11-14T21:04:02+00:00\",\"description\":\"Vous recherchez une animation originale pour vos \u00e9v\u00e8nements ? N'h\u00e9sitez plus \u00e0 faire appel \u00e0 nos petits trains touristiques !\",\"breadcrumb\":{\"@id\":\"https:\/\/petit-train-59.fr\/#breadcrumb\"},\"inLanguage\":\"fr-FR\",\"potentialAction\":[{\"@type\":\"ReadAction\",\"target\":[\"https:\/\/petit-train-59.fr\/\"]}]},{\"@type\":\"ImageObject\",\"inLanguage\":\"fr-FR\",\"@id\":\"https:\/\/petit-train-59.fr\/#primaryimage\",\"url\":\"https:\/\/petit-train-59.fr\/wp-content\/uploads\/2021\/10\/IMG_9290-scaled.jpg\",\"contentUrl\":\"https:\/\/petit-train-59.fr\/wp-content\/uploads\/2021\/10\/IMG_9290-scaled.jpg\",\"width\":2560,\"height\":1920},{\"@type\":\"BreadcrumbList\",\"@id\":\"https:\/\/petit-train-59.fr\/#breadcrumb\",\"itemListElement\":[{\"@type\":\"ListItem\",\"position\":1,\"name\":\"Accueil\",\"item\":\"https:\/\/petit-train-59.fr\/\"},{\"@type\":\"ListItem\",\"position\":2,\"name\":\"Bienvenue\"}]},{\"@type\":\"WebSite\",\"@id\":\"https:\/\/petit-train-59.fr\/#website\",\"url\":\"https:\/\/petit-train-59.fr\/\",\"name\":\"Location petit train 59\",\"description\":\"Pour vos animations et \u00e9v\u00e9nements : petits trains touristiques routiers, structures gonflables, man\u00e8ge enfantin\",\"publisher\":{\"@id\":\"https:\/\/petit-train-59.fr\/#organization\"},\"potentialAction\":[{\"@type\":\"SearchAction\",\"target\":{\"@type\":\"EntryPoint\",\"urlTemplate\":\"https:\/\/petit-train-59.fr\/?s={search_term_string}\"},\"query-input\":\"required name=search_term_string\"}],\"inLanguage\":\"fr-FR\"},{\"@type\":\"Organization\",\"@id\":\"https:\/\/petit-train-59.fr\/#organization\",\"name\":\"Petit train 59\",\"url\":\"https:\/\/petit-train-59.fr\/\",\"logo\":{\"@type\":\"ImageObject\",\"inLanguage\":\"fr-FR\",\"@id\":\"https:\/\/petit-train-59.fr\/#\/schema\/logo\/image\/\",\"url\":\"http:\/\/petit-train-59.fr\/wp-content\/uploads\/2021\/04\/train-Petit-train-59.png\",\"contentUrl\":\"http:\/\/petit-train-59.fr\/wp-content\/uploads\/2021\/04\/train-Petit-train-59.png\",\"width\":714,\"height\":264,\"caption\":\"Petit train 59\"},\"image\":{\"@id\":\"https:\/\/petit-train-59.fr\/#\/schema\/logo\/image\/\"},\"sameAs\":[\"https:\/\/www.facebook.com\/petittrain59\"]}]}<\/script>\n<!-- \/ Yoast SEO plugin. -->","yoast_head_json":{"title":"Bienvenue !","description":"Vous recherchez une animation originale pour vos \u00e9v\u00e8nements ? N'h\u00e9sitez plus \u00e0 faire appel \u00e0 nos petits trains touristiques !","robots":{"index":"index","follow":"follow","max-snippet":"max-snippet:-1","max-image-preview":"max-image-preview:large","max-video-preview":"max-video-preview:-1"},"canonical":"https:\/\/petit-train-59.fr\/","og_locale":"fr_FR","og_type":"article","og_title":"Bienvenue !","og_description":"Vous recherchez une animation originale pour vos \u00e9v\u00e8nements ? N'h\u00e9sitez plus \u00e0 faire appel \u00e0 nos petits trains touristiques !","og_url":"https:\/\/petit-train-59.fr\/","og_site_name":"Location petit train 59","article_publisher":"https:\/\/www.facebook.com\/petittrain59","article_modified_time":"2023-11-14T21:04:02+00:00","og_image":[{"url":"http:\/\/petit-train-59.fr\/wp-content\/uploads\/2021\/10\/IMG_9290-1024x768.jpg"}],"twitter_card":"summary_large_image","twitter_misc":{"Dur\u00e9e de lecture estim\u00e9e":"1 minute"},"schema":{"@context":"https:\/\/schema.org","@graph":[{"@type":"WebPage","@id":"https:\/\/petit-train-59.fr\/","url":"https:\/\/petit-train-59.fr\/","name":"Bienvenue !","isPartOf":{"@id":"https:\/\/petit-train-59.fr\/#website"},"primaryImageOfPage":{"@id":"https:\/\/petit-train-59.fr\/#primaryimage"},"image":{"@id":"https:\/\/petit-train-59.fr\/#primaryimage"},"thumbnailUrl":"http:\/\/petit-train-59.fr\/wp-content\/uploads\/2021\/10\/IMG_9290-1024x768.jpg","datePublished":"2019-12-13T13:31:14+00:00","dateModified":"2023-11-14T21:04:02+00:00","description":"Vous recherchez une animation originale pour vos \u00e9v\u00e8nements ? N'h\u00e9sitez plus \u00e0 faire appel \u00e0 nos petits trains touristiques !","breadcrumb":{"@id":"https:\/\/petit-train-59.fr\/#breadcrumb"},"inLanguage":"fr-FR","potentialAction":[{"@type":"ReadAction","target":["https:\/\/petit-train-59.fr\/"]}]},{"@type":"ImageObject","inLanguage":"fr-FR","@id":"https:\/\/petit-train-59.fr\/#primaryimage","url":"https:\/\/petit-train-59.fr\/wp-content\/uploads\/2021\/10\/IMG_9290-scaled.jpg","contentUrl":"https:\/\/petit-train-59.fr\/wp-content\/uploads\/2021\/10\/IMG_9290-scaled.jpg","width":2560,"height":1920},{"@type":"BreadcrumbList","@id":"https:\/\/petit-train-59.fr\/#breadcrumb","itemListElement":[{"@type":"ListItem","position":1,"name":"Accueil","item":"https:\/\/petit-train-59.fr\/"},{"@type":"ListItem","position":2,"name":"Bienvenue"}]},{"@type":"WebSite","@id":"https:\/\/petit-train-59.fr\/#website","url":"https:\/\/petit-train-59.fr\/","name":"Location petit train 59","description":"Pour vos animations et \u00e9v\u00e9nements : petits trains touristiques routiers, structures gonflables, man\u00e8ge enfantin","publisher":{"@id":"https:\/\/petit-train-59.fr\/#organization"},"potentialAction":[{"@type":"SearchAction","target":{"@type":"EntryPoint","urlTemplate":"https:\/\/petit-train-59.fr\/?s={search_term_string}"},"query-input":"required name=search_term_string"}],"inLanguage":"fr-FR"},{"@type":"Organization","@id":"https:\/\/petit-train-59.fr\/#organization","name":"Petit train 59","url":"https:\/\/petit-train-59.fr\/","logo":{"@type":"ImageObject","inLanguage":"fr-FR","@id":"https:\/\/petit-train-59.fr\/#\/schema\/logo\/image\/","url":"http:\/\/petit-train-59.fr\/wp-content\/uploads\/2021\/04\/train-Petit-train-59.png","contentUrl":"http:\/\/petit-train-59.fr\/wp-content\/uploads\/2021\/04\/train-Petit-train-59.png","width":714,"height":264,"caption":"Petit train 59"},"image":{"@id":"https:\/\/petit-train-59.fr\/#\/schema\/logo\/image\/"},"sameAs":["https:\/\/www.facebook.com\/petittrain59"]}]}},"_links":{"self":[{"href":"https:\/\/petit-train-59.fr\/index.php\/wp-json\/wp\/v2\/pages\/37"}],"collection":[{"href":"https:\/\/petit-train-59.fr\/index.php\/wp-json\/wp\/v2\/pages"}],"about":[{"href":"https:\/\/petit-train-59.fr\/index.php\/wp-json\/wp\/v2\/types\/page"}],"author":[{"embeddable":true,"href":"https:\/\/petit-train-59.fr\/index.php\/wp-json\/wp\/v2\/users\/1"}],"replies":[{"embeddable":true,"href":"https:\/\/petit-train-59.fr\/index.php\/wp-json\/wp\/v2\/comments?post=37"}],"version-history":[{"count":9,"href":"https:\/\/petit-train-59.fr\/index.php\/wp-json\/wp\/v2\/pages\/37\/revisions"}],"predecessor-version":[{"id":130,"href":"https:\/\/petit-train-59.fr\/index.php\/wp-json\/wp\/v2\/pages\/37\/revisions\/130"}],"wp:attachment":[{"href":"https:\/\/petit-train-59.fr\/index.php\/wp-json\/wp\/v2\/media?parent=37"}],"curies":[{"name":"wp","href":"https:\/\/api.w.org\/{rel}","templated":true}]}}