{"id":8,"date":"2019-12-13T14:06:27","date_gmt":"2019-12-13T13:06:27","guid":{"rendered":"http:\/\/petit-train-59.fr\/?page_id=8"},"modified":"2021-10-06T21:19:39","modified_gmt":"2021-10-06T19:19:39","slug":"petits-trains-touristiques","status":"publish","type":"page","link":"https:\/\/petit-train-59.fr\/index.php\/petits-trains-touristiques\/","title":{"rendered":"Petits trains touristiques"},"content":{"rendered":"\n<div class=\"wp-block-image\"><figure class=\"aligncenter size-medium\"><img loading=\"lazy\" decoding=\"async\" width=\"300\" height=\"144\" src=\"http:\/\/petit-train-59.fr\/wp-content\/uploads\/2020\/01\/deux-trains-2500x1200-ok-300x144.jpg\" alt=\"Location petits trains touristiques Hauts de France avec chauffeur\" class=\"wp-image-77\" srcset=\"https:\/\/petit-train-59.fr\/wp-content\/uploads\/2020\/01\/deux-trains-2500x1200-ok-300x144.jpg 300w, https:\/\/petit-train-59.fr\/wp-content\/uploads\/2020\/01\/deux-trains-2500x1200-ok-768x369.jpg 768w, https:\/\/petit-train-59.fr\/wp-content\/uploads\/2020\/01\/deux-trains-2500x1200-ok-1024x492.jpg 1024w\" sizes=\"(max-width: 300px) 100vw, 300px\" \/><figcaption>Location petits trains touristiques routiers<\/figcaption><\/figure><\/div>\n\n\n\n<h2 class=\"has-text-align-center wp-block-heading\">Particulier, professionnel, ou organisme public, vous&nbsp;recherchez une animation originale&nbsp;pour votre \u00e9v\u00e9nement ? <\/h2>\n\n\n\n<p>Nous vous proposons \u00e0 <strong>location\u00a0trois trains touristiques routiers<\/strong> de construction professionnelle fran\u00e7aise qui peuvent transporter chacun <strong>54 personnes<\/strong>.<\/p>\n\n\n\n<p>Nos <strong>petits trains sur pneus<\/strong> sont l&rsquo;animation id\u00e9ale pour rassembler toutes les g\u00e9n\u00e9rations ! Enfants comme parents comme grands parents se r\u00e9jouiront d&rsquo;une balade en famille.<\/p>\n\n\n\n<p>Vous souhaitez voir briller de nombreuses paires d&rsquo;yeux en pr\u00e9sentant ce qui fait votre fiert\u00e9 dans vos <strong>villes comme dans vos entreprises<\/strong> ? Vous souhaitez assurer une <strong>visite s\u00e9curis\u00e9e<\/strong> ? N&rsquo;h\u00e9sitez plus !<\/p>\n\n\n\n<p>Nos deux petits trains sont <strong>sonoris\u00e9s et munis de micro<\/strong> vous permettant <strong>de mettre en musique et de commenter<\/strong> vos festivit\u00e9s.<\/p>\n\n\n\n<div style=\"height:30px\" aria-hidden=\"true\" class=\"wp-block-spacer\"><\/div>\n\n\n\n<h3 class=\"wp-block-heading\">Notre moyen de locomotion original peut \u00eatre utilis\u00e9 aussi bien en circuit touristique, balade musicale et conviviale, navette, animation ludique tout en pouvant \u00eatre publicitaire.<\/h3>\n\n\n\n<div style=\"height:22px\" aria-hidden=\"true\" class=\"wp-block-spacer\"><\/div>\n\n\n\n<p>Des questions ? Des projets ? Une \u00e9tude de faisabilit\u00e9 ? <a href=\"http:\/\/petit-train-59.fr\/index.php\/nous-contacter\/\">Contactez-nous !<\/a><\/p>\n\n\n\n<p>Nos <strong>deux trains touristiques routiers sur pneumatiques sont lou\u00e9s avec chauffeur.<\/strong><\/p>\n\n\n\n<p>Nos trains sont <strong>homologu\u00e9s,&nbsp;contr\u00f4l\u00e9s annuellement<\/strong> par les services agr\u00e9es&nbsp;et poss\u00e8dent tous les documents officiels&nbsp;n\u00e9cessaires.<\/p>\n\n\n\n<figure class=\"wp-block-embed is-type-rich is-provider-facebook wp-block-embed-facebook\"><div class=\"wp-block-embed__wrapper\">\nhttps:\/\/www.facebook.com\/petittrain59\/photos\/a.1429549367320304\/1429549347320306\/?type=1&#038;theater\n<\/div><figcaption>Retrouvez-nous sur Facebook !<\/figcaption><\/figure>\n\n\n\n<p>Vous souhaitez des animations compl\u00e9mentaires ? <a href=\"http:\/\/petit-train-59.fr\/index.php\/structures-gonflables\/\">Retrouvez ici nos structures gonflables !<\/a><\/p>\n\n\n\n<figure class=\"wp-block-gallery columns-3 is-cropped wp-block-gallery-1 is-layout-flex wp-block-gallery-is-layout-flex\"><ul class=\"blocks-gallery-grid\"><li class=\"blocks-gallery-item\"><figure><img loading=\"lazy\" decoding=\"async\" width=\"1024\" height=\"768\" src=\"http:\/\/petit-train-59.fr\/wp-content\/uploads\/2019\/12\/20131221_154131-1024x768.jpg\" alt=\"train sur roues pour march\u00e9s de no\u00ebl\" data-id=\"33\" data-link=\"http:\/\/petit-train-59.fr\/20131221_154131\/\" class=\"wp-image-33\" srcset=\"https:\/\/petit-train-59.fr\/wp-content\/uploads\/2019\/12\/20131221_154131-1024x768.jpg 1024w, https:\/\/petit-train-59.fr\/wp-content\/uploads\/2019\/12\/20131221_154131-300x225.jpg 300w, https:\/\/petit-train-59.fr\/wp-content\/uploads\/2019\/12\/20131221_154131-768x576.jpg 768w\" sizes=\"(max-width: 1024px) 100vw, 1024px\" \/><figcaption class=\"blocks-gallery-item__caption\">Location train sur pneumatiques pour march\u00e9 de no\u00ebl<\/figcaption><\/figure><\/li><li class=\"blocks-gallery-item\"><figure><img loading=\"lazy\" decoding=\"async\" width=\"1024\" height=\"768\" src=\"http:\/\/petit-train-59.fr\/wp-content\/uploads\/2019\/12\/Train-bleu-1024x768.jpg\" alt=\"train bleu et blanc\" data-id=\"31\" data-link=\"http:\/\/petit-train-59.fr\/train-bleu\/\" class=\"wp-image-31\" srcset=\"https:\/\/petit-train-59.fr\/wp-content\/uploads\/2019\/12\/Train-bleu-1024x768.jpg 1024w, https:\/\/petit-train-59.fr\/wp-content\/uploads\/2019\/12\/Train-bleu-300x225.jpg 300w, https:\/\/petit-train-59.fr\/wp-content\/uploads\/2019\/12\/Train-bleu-768x576.jpg 768w\" sizes=\"(max-width: 1024px) 100vw, 1024px\" \/><figcaption class=\"blocks-gallery-item__caption\">Train bleu et blanc sonoris\u00e9 pour visite comment\u00e9e<\/figcaption><\/figure><\/li><li class=\"blocks-gallery-item\"><figure><img loading=\"lazy\" decoding=\"async\" width=\"1024\" height=\"737\" src=\"http:\/\/petit-train-59.fr\/wp-content\/uploads\/2019\/12\/train-jaune-ville-2500x1800-1024x737.jpg\" alt=\"Visite de ville petit train touristique routier jaune et rouge\" data-id=\"26\" data-link=\"http:\/\/petit-train-59.fr\/train-jaune-ville-2500x1800\/\" class=\"wp-image-26\" srcset=\"https:\/\/petit-train-59.fr\/wp-content\/uploads\/2019\/12\/train-jaune-ville-2500x1800-1024x737.jpg 1024w, https:\/\/petit-train-59.fr\/wp-content\/uploads\/2019\/12\/train-jaune-ville-2500x1800-300x216.jpg 300w, https:\/\/petit-train-59.fr\/wp-content\/uploads\/2019\/12\/train-jaune-ville-2500x1800-768x553.jpg 768w\" sizes=\"(max-width: 1024px) 100vw, 1024px\" \/><figcaption class=\"blocks-gallery-item__caption\">Visite de ville petit train touristique routier jaune et rouge<\/figcaption><\/figure><\/li><li class=\"blocks-gallery-item\"><figure><img loading=\"lazy\" decoding=\"async\" width=\"1024\" height=\"768\" src=\"http:\/\/petit-train-59.fr\/wp-content\/uploads\/2020\/01\/82055968_539991696723696_5979781115366342656_n-1024x768.jpg\" alt=\"Petit train sonoris\u00e9 avec micro\" data-id=\"96\" data-link=\"http:\/\/petit-train-59.fr\/index.php\/petits-trains-touristiques\/82055968_539991696723696_5979781115366342656_n\/#main\" class=\"wp-image-96\" srcset=\"https:\/\/petit-train-59.fr\/wp-content\/uploads\/2020\/01\/82055968_539991696723696_5979781115366342656_n-1024x768.jpg 1024w, https:\/\/petit-train-59.fr\/wp-content\/uploads\/2020\/01\/82055968_539991696723696_5979781115366342656_n-300x225.jpg 300w, https:\/\/petit-train-59.fr\/wp-content\/uploads\/2020\/01\/82055968_539991696723696_5979781115366342656_n-768x576.jpg 768w\" sizes=\"(max-width: 1024px) 100vw, 1024px\" \/><figcaption class=\"blocks-gallery-item__caption\">Petit train \u00e9quip\u00e9 de micro<\/figcaption><\/figure><\/li><li class=\"blocks-gallery-item\"><figure><img loading=\"lazy\" decoding=\"async\" width=\"1024\" height=\"768\" src=\"http:\/\/petit-train-59.fr\/wp-content\/uploads\/2020\/01\/82336434_318854879030848_1767418105031557120_n-1024x768.jpg\" alt=\"Mariage en petit train\" data-id=\"97\" data-link=\"http:\/\/petit-train-59.fr\/index.php\/petits-trains-touristiques\/82336434_318854879030848_1767418105031557120_n\/#main\" class=\"wp-image-97\" srcset=\"https:\/\/petit-train-59.fr\/wp-content\/uploads\/2020\/01\/82336434_318854879030848_1767418105031557120_n-1024x768.jpg 1024w, https:\/\/petit-train-59.fr\/wp-content\/uploads\/2020\/01\/82336434_318854879030848_1767418105031557120_n-300x225.jpg 300w, https:\/\/petit-train-59.fr\/wp-content\/uploads\/2020\/01\/82336434_318854879030848_1767418105031557120_n-768x576.jpg 768w\" sizes=\"(max-width: 1024px) 100vw, 1024px\" \/><figcaption class=\"blocks-gallery-item__caption\">Mariage en petit train<\/figcaption><\/figure><\/li><li class=\"blocks-gallery-item\"><figure><img loading=\"lazy\" decoding=\"async\" width=\"1024\" height=\"737\" src=\"http:\/\/petit-train-59.fr\/wp-content\/uploads\/2019\/12\/Amandine-et-Sylvie-deux-trains-2500x1800-1024x737.jpg\" alt=\"trains sur pneumatiques ferme\" data-id=\"27\" data-link=\"http:\/\/petit-train-59.fr\/amandine-et-sylvie-deux-trains-2500x1800\/\" class=\"wp-image-27\" srcset=\"https:\/\/petit-train-59.fr\/wp-content\/uploads\/2019\/12\/Amandine-et-Sylvie-deux-trains-2500x1800-1024x737.jpg 1024w, https:\/\/petit-train-59.fr\/wp-content\/uploads\/2019\/12\/Amandine-et-Sylvie-deux-trains-2500x1800-300x216.jpg 300w, https:\/\/petit-train-59.fr\/wp-content\/uploads\/2019\/12\/Amandine-et-Sylvie-deux-trains-2500x1800-768x553.jpg 768w\" sizes=\"(max-width: 1024px) 100vw, 1024px\" \/><figcaption class=\"blocks-gallery-item__caption\">Location petits trains sur pneumatiques visite d&rsquo;entreprise<\/figcaption><\/figure><\/li><\/ul><\/figure>\n","protected":false},"excerpt":{"rendered":"<p>Particulier, professionnel, ou organisme public, vous&nbsp;recherchez une animation originale&nbsp;pour votre \u00e9v\u00e9nement ? Nous vous proposons <a class=\"more-link\" href=\"https:\/\/petit-train-59.fr\/index.php\/petits-trains-touristiques\/\">Lire plus &#8230;<\/a><\/p>\n","protected":false},"author":1,"featured_media":77,"parent":0,"menu_order":0,"comment_status":"closed","ping_status":"closed","template":"","meta":{"footnotes":""},"yoast_head":"<!-- This site is optimized with the Yoast SEO plugin v22.9 - https:\/\/yoast.com\/wordpress\/plugins\/seo\/ -->\n<title>Petits trains touristiques - Location petit train 59<\/title>\n<meta name=\"description\" content=\"Nous vous proposons \u00e0 la location des petits trains touristiques routiers dans les Hauts de France. Ils sont sonoris\u00e9s, et avec chauffeur.\" \/>\n<meta name=\"robots\" content=\"index, follow, max-snippet:-1, max-image-preview:large, max-video-preview:-1\" \/>\n<link rel=\"canonical\" href=\"https:\/\/petit-train-59.fr\/index.php\/petits-trains-touristiques\/\" \/>\n<meta property=\"og:locale\" content=\"fr_FR\" \/>\n<meta property=\"og:type\" content=\"article\" \/>\n<meta property=\"og:title\" content=\"Petits trains touristiques - Location petit train 59\" \/>\n<meta property=\"og:description\" content=\"Nous vous proposons \u00e0 la location des petits trains touristiques routiers dans les Hauts de France. Ils sont sonoris\u00e9s, et avec chauffeur.\" \/>\n<meta property=\"og:url\" content=\"https:\/\/petit-train-59.fr\/index.php\/petits-trains-touristiques\/\" \/>\n<meta property=\"og:site_name\" content=\"Location petit train 59\" \/>\n<meta property=\"article:publisher\" content=\"https:\/\/www.facebook.com\/petittrain59\" \/>\n<meta property=\"article:modified_time\" content=\"2021-10-06T19:19:39+00:00\" \/>\n<meta property=\"og:image\" content=\"https:\/\/petit-train-59.fr\/wp-content\/uploads\/2020\/01\/deux-trains-2500x1200-ok.jpg\" \/>\n\t<meta property=\"og:image:width\" content=\"2500\" \/>\n\t<meta property=\"og:image:height\" content=\"1200\" \/>\n\t<meta property=\"og:image:type\" content=\"image\/jpeg\" \/>\n<meta name=\"twitter:card\" content=\"summary_large_image\" \/>\n<meta name=\"twitter:label1\" content=\"Dur\u00e9e de lecture estim\u00e9e\" \/>\n\t<meta name=\"twitter:data1\" content=\"3 minutes\" \/>\n<script type=\"application\/ld+json\" class=\"yoast-schema-graph\">{\"@context\":\"https:\/\/schema.org\",\"@graph\":[{\"@type\":\"WebPage\",\"@id\":\"https:\/\/petit-train-59.fr\/index.php\/petits-trains-touristiques\/\",\"url\":\"https:\/\/petit-train-59.fr\/index.php\/petits-trains-touristiques\/\",\"name\":\"Petits trains touristiques - Location petit train 59\",\"isPartOf\":{\"@id\":\"https:\/\/petit-train-59.fr\/#website\"},\"primaryImageOfPage\":{\"@id\":\"https:\/\/petit-train-59.fr\/index.php\/petits-trains-touristiques\/#primaryimage\"},\"image\":{\"@id\":\"https:\/\/petit-train-59.fr\/index.php\/petits-trains-touristiques\/#primaryimage\"},\"thumbnailUrl\":\"https:\/\/petit-train-59.fr\/wp-content\/uploads\/2020\/01\/deux-trains-2500x1200-ok.jpg\",\"datePublished\":\"2019-12-13T13:06:27+00:00\",\"dateModified\":\"2021-10-06T19:19:39+00:00\",\"description\":\"Nous vous proposons \u00e0 la location des petits trains touristiques routiers dans les Hauts de France. Ils sont sonoris\u00e9s, et avec chauffeur.\",\"breadcrumb\":{\"@id\":\"https:\/\/petit-train-59.fr\/index.php\/petits-trains-touristiques\/#breadcrumb\"},\"inLanguage\":\"fr-FR\",\"potentialAction\":[{\"@type\":\"ReadAction\",\"target\":[\"https:\/\/petit-train-59.fr\/index.php\/petits-trains-touristiques\/\"]}]},{\"@type\":\"ImageObject\",\"inLanguage\":\"fr-FR\",\"@id\":\"https:\/\/petit-train-59.fr\/index.php\/petits-trains-touristiques\/#primaryimage\",\"url\":\"https:\/\/petit-train-59.fr\/wp-content\/uploads\/2020\/01\/deux-trains-2500x1200-ok.jpg\",\"contentUrl\":\"https:\/\/petit-train-59.fr\/wp-content\/uploads\/2020\/01\/deux-trains-2500x1200-ok.jpg\",\"width\":2500,\"height\":1200,\"caption\":\"Location petits trains touristiques routiers\"},{\"@type\":\"BreadcrumbList\",\"@id\":\"https:\/\/petit-train-59.fr\/index.php\/petits-trains-touristiques\/#breadcrumb\",\"itemListElement\":[{\"@type\":\"ListItem\",\"position\":1,\"name\":\"Accueil\",\"item\":\"https:\/\/petit-train-59.fr\/\"},{\"@type\":\"ListItem\",\"position\":2,\"name\":\"Petits trains touristiques\"}]},{\"@type\":\"WebSite\",\"@id\":\"https:\/\/petit-train-59.fr\/#website\",\"url\":\"https:\/\/petit-train-59.fr\/\",\"name\":\"Location petit train 59\",\"description\":\"Pour vos animations et \u00e9v\u00e9nements : petits trains touristiques routiers, structures gonflables, man\u00e8ge enfantin\",\"publisher\":{\"@id\":\"https:\/\/petit-train-59.fr\/#organization\"},\"potentialAction\":[{\"@type\":\"SearchAction\",\"target\":{\"@type\":\"EntryPoint\",\"urlTemplate\":\"https:\/\/petit-train-59.fr\/?s={search_term_string}\"},\"query-input\":\"required name=search_term_string\"}],\"inLanguage\":\"fr-FR\"},{\"@type\":\"Organization\",\"@id\":\"https:\/\/petit-train-59.fr\/#organization\",\"name\":\"Petit train 59\",\"url\":\"https:\/\/petit-train-59.fr\/\",\"logo\":{\"@type\":\"ImageObject\",\"inLanguage\":\"fr-FR\",\"@id\":\"https:\/\/petit-train-59.fr\/#\/schema\/logo\/image\/\",\"url\":\"http:\/\/petit-train-59.fr\/wp-content\/uploads\/2021\/04\/train-Petit-train-59.png\",\"contentUrl\":\"http:\/\/petit-train-59.fr\/wp-content\/uploads\/2021\/04\/train-Petit-train-59.png\",\"width\":714,\"height\":264,\"caption\":\"Petit train 59\"},\"image\":{\"@id\":\"https:\/\/petit-train-59.fr\/#\/schema\/logo\/image\/\"},\"sameAs\":[\"https:\/\/www.facebook.com\/petittrain59\"]}]}<\/script>\n<!-- \/ Yoast SEO plugin. -->","yoast_head_json":{"title":"Petits trains touristiques - Location petit train 59","description":"Nous vous proposons \u00e0 la location des petits trains touristiques routiers dans les Hauts de France. Ils sont sonoris\u00e9s, et avec chauffeur.","robots":{"index":"index","follow":"follow","max-snippet":"max-snippet:-1","max-image-preview":"max-image-preview:large","max-video-preview":"max-video-preview:-1"},"canonical":"https:\/\/petit-train-59.fr\/index.php\/petits-trains-touristiques\/","og_locale":"fr_FR","og_type":"article","og_title":"Petits trains touristiques - Location petit train 59","og_description":"Nous vous proposons \u00e0 la location des petits trains touristiques routiers dans les Hauts de France. Ils sont sonoris\u00e9s, et avec chauffeur.","og_url":"https:\/\/petit-train-59.fr\/index.php\/petits-trains-touristiques\/","og_site_name":"Location petit train 59","article_publisher":"https:\/\/www.facebook.com\/petittrain59","article_modified_time":"2021-10-06T19:19:39+00:00","og_image":[{"width":2500,"height":1200,"url":"https:\/\/petit-train-59.fr\/wp-content\/uploads\/2020\/01\/deux-trains-2500x1200-ok.jpg","type":"image\/jpeg"}],"twitter_card":"summary_large_image","twitter_misc":{"Dur\u00e9e de lecture estim\u00e9e":"3 minutes"},"schema":{"@context":"https:\/\/schema.org","@graph":[{"@type":"WebPage","@id":"https:\/\/petit-train-59.fr\/index.php\/petits-trains-touristiques\/","url":"https:\/\/petit-train-59.fr\/index.php\/petits-trains-touristiques\/","name":"Petits trains touristiques - Location petit train 59","isPartOf":{"@id":"https:\/\/petit-train-59.fr\/#website"},"primaryImageOfPage":{"@id":"https:\/\/petit-train-59.fr\/index.php\/petits-trains-touristiques\/#primaryimage"},"image":{"@id":"https:\/\/petit-train-59.fr\/index.php\/petits-trains-touristiques\/#primaryimage"},"thumbnailUrl":"https:\/\/petit-train-59.fr\/wp-content\/uploads\/2020\/01\/deux-trains-2500x1200-ok.jpg","datePublished":"2019-12-13T13:06:27+00:00","dateModified":"2021-10-06T19:19:39+00:00","description":"Nous vous proposons \u00e0 la location des petits trains touristiques routiers dans les Hauts de France. Ils sont sonoris\u00e9s, et avec chauffeur.","breadcrumb":{"@id":"https:\/\/petit-train-59.fr\/index.php\/petits-trains-touristiques\/#breadcrumb"},"inLanguage":"fr-FR","potentialAction":[{"@type":"ReadAction","target":["https:\/\/petit-train-59.fr\/index.php\/petits-trains-touristiques\/"]}]},{"@type":"ImageObject","inLanguage":"fr-FR","@id":"https:\/\/petit-train-59.fr\/index.php\/petits-trains-touristiques\/#primaryimage","url":"https:\/\/petit-train-59.fr\/wp-content\/uploads\/2020\/01\/deux-trains-2500x1200-ok.jpg","contentUrl":"https:\/\/petit-train-59.fr\/wp-content\/uploads\/2020\/01\/deux-trains-2500x1200-ok.jpg","width":2500,"height":1200,"caption":"Location petits trains touristiques routiers"},{"@type":"BreadcrumbList","@id":"https:\/\/petit-train-59.fr\/index.php\/petits-trains-touristiques\/#breadcrumb","itemListElement":[{"@type":"ListItem","position":1,"name":"Accueil","item":"https:\/\/petit-train-59.fr\/"},{"@type":"ListItem","position":2,"name":"Petits trains touristiques"}]},{"@type":"WebSite","@id":"https:\/\/petit-train-59.fr\/#website","url":"https:\/\/petit-train-59.fr\/","name":"Location petit train 59","description":"Pour vos animations et \u00e9v\u00e9nements : petits trains touristiques routiers, structures gonflables, man\u00e8ge enfantin","publisher":{"@id":"https:\/\/petit-train-59.fr\/#organization"},"potentialAction":[{"@type":"SearchAction","target":{"@type":"EntryPoint","urlTemplate":"https:\/\/petit-train-59.fr\/?s={search_term_string}"},"query-input":"required name=search_term_string"}],"inLanguage":"fr-FR"},{"@type":"Organization","@id":"https:\/\/petit-train-59.fr\/#organization","name":"Petit train 59","url":"https:\/\/petit-train-59.fr\/","logo":{"@type":"ImageObject","inLanguage":"fr-FR","@id":"https:\/\/petit-train-59.fr\/#\/schema\/logo\/image\/","url":"http:\/\/petit-train-59.fr\/wp-content\/uploads\/2021\/04\/train-Petit-train-59.png","contentUrl":"http:\/\/petit-train-59.fr\/wp-content\/uploads\/2021\/04\/train-Petit-train-59.png","width":714,"height":264,"caption":"Petit train 59"},"image":{"@id":"https:\/\/petit-train-59.fr\/#\/schema\/logo\/image\/"},"sameAs":["https:\/\/www.facebook.com\/petittrain59"]}]}},"_links":{"self":[{"href":"https:\/\/petit-train-59.fr\/index.php\/wp-json\/wp\/v2\/pages\/8"}],"collection":[{"href":"https:\/\/petit-train-59.fr\/index.php\/wp-json\/wp\/v2\/pages"}],"about":[{"href":"https:\/\/petit-train-59.fr\/index.php\/wp-json\/wp\/v2\/types\/page"}],"author":[{"embeddable":true,"href":"https:\/\/petit-train-59.fr\/index.php\/wp-json\/wp\/v2\/users\/1"}],"replies":[{"embeddable":true,"href":"https:\/\/petit-train-59.fr\/index.php\/wp-json\/wp\/v2\/comments?post=8"}],"version-history":[{"count":15,"href":"https:\/\/petit-train-59.fr\/index.php\/wp-json\/wp\/v2\/pages\/8\/revisions"}],"predecessor-version":[{"id":128,"href":"https:\/\/petit-train-59.fr\/index.php\/wp-json\/wp\/v2\/pages\/8\/revisions\/128"}],"wp:featuredmedia":[{"embeddable":true,"href":"https:\/\/petit-train-59.fr\/index.php\/wp-json\/wp\/v2\/media\/77"}],"wp:attachment":[{"href":"https:\/\/petit-train-59.fr\/index.php\/wp-json\/wp\/v2\/media?parent=8"}],"curies":[{"name":"wp","href":"https:\/\/api.w.org\/{rel}","templated":true}]}}